{"id":605,"date":"2020-04-15T09:39:27","date_gmt":"2020-04-15T09:39:27","guid":{"rendered":"https:\/\/www.obombarda.com\/wp\/?page_id=605"},"modified":"2020-04-15T09:46:04","modified_gmt":"2020-04-15T09:46:04","slug":"kafila-photogallery","status":"publish","type":"page","link":"https:\/\/obombarda.com\/wp\/kafila-photogallery\/","title":{"rendered":"kafila photogallery"},"content":{"rendered":"\n\t\t<!-- MasterSlider -->\n\t\t<div id=\"P_MS69f5adfff3709\" class=\"master-slider-parent msl ms-parent-id-5\" style=\"\">\n\n\t\t\t\n\t\t\t<!-- MasterSlider Main -->\n\t\t\t<div id=\"MS69f5adfff3709\" class=\"master-slider ms-skin-black-2 round-skin\" >\n\t\t\t\t \t\t\t\t \n\t\t\t\t<div  class=\"ms-slide\" data-delay=\"3\" data-fill-mode=\"fill\"  >\n\t\t\t\t\t<img decoding=\"async\" src=\"https:\/\/obombarda.com\/wp\/wp-content\/plugins\/master-slider\/public\/assets\/css\/blank.gif\" alt=\"kafila by obombarda \/ https:\/\/www.obombarda.com\" title=\"\" data-src=\"https:\/\/obombarda.com\/wp\/wp-content\/uploads\/2019\/10\/01kafila-1.jpg\" \/>\n\n\n\t<div class=\"ms-thumb\" ><div class=\"ms-tab-context\"><div class=\"&quot;ms-tab-context&quot;\"><\/div><\/div>\n<\/div>\n\t\t\t\t<\/div>\n\t\t\t\t<div  class=\"ms-slide\" data-delay=\"3\" data-fill-mode=\"fill\"  >\n\t\t\t\t\t<img decoding=\"async\" src=\"https:\/\/obombarda.com\/wp\/wp-content\/plugins\/master-slider\/public\/assets\/css\/blank.gif\" alt=\"Kafila by obombarda \/ https:\/\/www.obombarda.com\" title=\"\" data-src=\"https:\/\/obombarda.com\/wp\/wp-content\/uploads\/2019\/10\/17kafila.jpg\" \/>\n\n\n\t<div class=\"ms-thumb\" ><div class=\"ms-tab-context\"><div class=\"&quot;ms-tab-context&quot;\"><\/div><\/div>\n<\/div>\n\t\t\t\t<\/div>\n\t\t\t\t<div  class=\"ms-slide\" data-delay=\"3\" data-fill-mode=\"fill\"  >\n\t\t\t\t\t<img decoding=\"async\" src=\"https:\/\/obombarda.com\/wp\/wp-content\/plugins\/master-slider\/public\/assets\/css\/blank.gif\" alt=\"Kafila by obombarda \/ https:\/\/www.obombarda.com\" title=\"\" data-src=\"https:\/\/obombarda.com\/wp\/wp-content\/uploads\/2019\/10\/16kafila.jpg\" \/>\n\n\n\t<div class=\"ms-thumb\" ><div class=\"ms-tab-context\"><div class=\"&quot;ms-tab-context&quot;\"><\/div><\/div>\n<\/div>\n\t\t\t\t<\/div>\n\t\t\t\t<div  class=\"ms-slide\" data-delay=\"3\" data-fill-mode=\"fill\"  >\n\t\t\t\t\t<img decoding=\"async\" src=\"https:\/\/obombarda.com\/wp\/wp-content\/plugins\/master-slider\/public\/assets\/css\/blank.gif\" alt=\"Kafila by obombarda \/ https:\/\/www.obombarda.com\" title=\"\" data-src=\"https:\/\/obombarda.com\/wp\/wp-content\/uploads\/2019\/10\/15kafila.jpg\" \/>\n\n\n\t<div class=\"ms-thumb\" ><div class=\"ms-tab-context\"><div class=\"&quot;ms-tab-context&quot;\"><\/div><\/div>\n<\/div>\n\t\t\t\t<\/div>\n\t\t\t\t<div  class=\"ms-slide\" data-delay=\"3\" data-fill-mode=\"fill\"  >\n\t\t\t\t\t<img decoding=\"async\" src=\"https:\/\/obombarda.com\/wp\/wp-content\/plugins\/master-slider\/public\/assets\/css\/blank.gif\" alt=\"Kafila by obombarda \/ https:\/\/www.obombarda.com\" title=\"\" data-src=\"https:\/\/obombarda.com\/wp\/wp-content\/uploads\/2019\/10\/14kafila.jpg\" \/>\n\n\n\t<div class=\"ms-thumb\" ><div class=\"ms-tab-context\"><div class=\"&quot;ms-tab-context&quot;\"><\/div><\/div>\n<\/div>\n\t\t\t\t<\/div>\n\t\t\t\t<div  class=\"ms-slide\" data-delay=\"3\" data-fill-mode=\"fill\"  >\n\t\t\t\t\t<img decoding=\"async\" src=\"https:\/\/obombarda.com\/wp\/wp-content\/plugins\/master-slider\/public\/assets\/css\/blank.gif\" alt=\"Kafila by obombarda \/ https:\/\/www.obombarda.com\" title=\"\" data-src=\"https:\/\/obombarda.com\/wp\/wp-content\/uploads\/2019\/10\/13kafila.jpg\" \/>\n\n\n\t<div class=\"ms-thumb\" ><div class=\"ms-tab-context\"><div class=\"&quot;ms-tab-context&quot;\"><\/div><\/div>\n<\/div>\n\t\t\t\t<\/div>\n\t\t\t\t<div  class=\"ms-slide\" data-delay=\"3\" data-fill-mode=\"fill\"  >\n\t\t\t\t\t<img decoding=\"async\" src=\"https:\/\/obombarda.com\/wp\/wp-content\/plugins\/master-slider\/public\/assets\/css\/blank.gif\" alt=\"kafila by obombarda \/ https:\/\/www.obombarda.com\" title=\"\" data-src=\"https:\/\/obombarda.com\/wp\/wp-content\/uploads\/2019\/10\/09kafila-1.jpg\" \/>\n\n\n\t<div class=\"ms-thumb\" ><div class=\"ms-tab-context\"><div class=\"&quot;ms-tab-context&quot;\"><\/div><\/div>\n<\/div>\n\t\t\t\t<\/div>\n\t\t\t\t<div  class=\"ms-slide\" data-delay=\"3\" data-fill-mode=\"fill\"  >\n\t\t\t\t\t<img decoding=\"async\" src=\"https:\/\/obombarda.com\/wp\/wp-content\/plugins\/master-slider\/public\/assets\/css\/blank.gif\" alt=\"Kafila by obombarda \/ https:\/\/www.obombarda.com\" title=\"\" data-src=\"https:\/\/obombarda.com\/wp\/wp-content\/uploads\/2019\/10\/08kafila.jpg\" \/>\n\n\n\t<div class=\"ms-thumb\" ><div class=\"ms-tab-context\"><div class=\"&quot;ms-tab-context&quot;\"><\/div><\/div>\n<\/div>\n\t\t\t\t<\/div>\n\t\t\t\t<div  class=\"ms-slide\" data-delay=\"3\" data-fill-mode=\"fill\"  >\n\t\t\t\t\t<img decoding=\"async\" src=\"https:\/\/obombarda.com\/wp\/wp-content\/plugins\/master-slider\/public\/assets\/css\/blank.gif\" alt=\"Kafila by obombarda \/ https:\/\/www.obombarda.com\" title=\"\" data-src=\"https:\/\/obombarda.com\/wp\/wp-content\/uploads\/2019\/10\/03kafila.jpg\" \/>\n\n\n\t<div class=\"ms-thumb\" ><div class=\"ms-tab-context\"><div class=\"&quot;ms-tab-context&quot;\"><\/div><\/div>\n<\/div>\n\t\t\t\t<\/div>\n\t\t\t\t<div  class=\"ms-slide\" data-delay=\"3\" data-fill-mode=\"fill\"  >\n\t\t\t\t\t<img decoding=\"async\" src=\"https:\/\/obombarda.com\/wp\/wp-content\/plugins\/master-slider\/public\/assets\/css\/blank.gif\" alt=\"Kafila by obombarda \/ https:\/\/www.obombarda.com\" title=\"\" data-src=\"https:\/\/obombarda.com\/wp\/wp-content\/uploads\/2019\/10\/04kafila.jpg\" \/>\n\n\n\t<div class=\"ms-thumb\" ><div class=\"ms-tab-context\"><div class=\"&quot;ms-tab-context&quot;\"><\/div><\/div>\n<\/div>\n\t\t\t\t<\/div>\n\t\t\t\t<div  class=\"ms-slide\" data-delay=\"3\" data-fill-mode=\"fill\"  >\n\t\t\t\t\t<img decoding=\"async\" src=\"https:\/\/obombarda.com\/wp\/wp-content\/plugins\/master-slider\/public\/assets\/css\/blank.gif\" alt=\"Kafila by obombarda \/ https:\/\/www.obombarda.com\" title=\"\" data-src=\"https:\/\/obombarda.com\/wp\/wp-content\/uploads\/2019\/10\/05kafila.jpg\" \/>\n\n\n\t<div class=\"ms-thumb\" ><div class=\"ms-tab-context\"><div class=\"&quot;ms-tab-context&quot;\"><\/div><\/div>\n<\/div>\n\t\t\t\t<\/div>\n\t\t\t\t<div  class=\"ms-slide\" data-delay=\"3\" data-fill-mode=\"fill\"  >\n\t\t\t\t\t<img decoding=\"async\" src=\"https:\/\/obombarda.com\/wp\/wp-content\/plugins\/master-slider\/public\/assets\/css\/blank.gif\" alt=\"Kafila by obombarda \/ https:\/\/www.obombarda.com\" title=\"\" data-src=\"https:\/\/obombarda.com\/wp\/wp-content\/uploads\/2019\/10\/06kafila.jpg\" \/>\n\n\n\t<div class=\"ms-thumb\" ><div class=\"ms-tab-context\"><div class=\"&quot;ms-tab-context&quot;\"><\/div><\/div>\n<\/div>\n\t\t\t\t<\/div>\n\t\t\t\t<div  class=\"ms-slide\" data-delay=\"3\" data-fill-mode=\"fill\"  >\n\t\t\t\t\t<img decoding=\"async\" src=\"https:\/\/obombarda.com\/wp\/wp-content\/plugins\/master-slider\/public\/assets\/css\/blank.gif\" alt=\"Kafila by obombarda \/ https:\/\/www.obombarda.com\" title=\"\" data-src=\"https:\/\/obombarda.com\/wp\/wp-content\/uploads\/2019\/10\/07kafila.jpg\" \/>\n\n\n\t<div class=\"ms-thumb\" ><div class=\"ms-tab-context\"><div class=\"&quot;ms-tab-context&quot;\"><\/div><\/div>\n<\/div>\n\t\t\t\t<\/div>\n\t\t\t\t<div  class=\"ms-slide\" data-delay=\"3\" data-fill-mode=\"fill\"  >\n\t\t\t\t\t<img decoding=\"async\" src=\"https:\/\/obombarda.com\/wp\/wp-content\/plugins\/master-slider\/public\/assets\/css\/blank.gif\" alt=\"Kafila by obombarda \/ https:\/\/www.obombarda.com\" title=\"\" data-src=\"https:\/\/obombarda.com\/wp\/wp-content\/uploads\/2019\/10\/02kafila.jpg\" \/>\n\n\n\t<div class=\"ms-thumb\" ><div class=\"ms-tab-context\"><div class=\"&quot;ms-tab-context&quot;\"><\/div><\/div>\n<\/div>\n\t\t\t\t<\/div>\n\t\t\t\t<div  class=\"ms-slide\" data-delay=\"3\" data-fill-mode=\"fill\"  >\n\t\t\t\t\t<img decoding=\"async\" src=\"https:\/\/obombarda.com\/wp\/wp-content\/plugins\/master-slider\/public\/assets\/css\/blank.gif\" alt=\"Kafila by obombarda \/ https:\/\/www.obombarda.com\" title=\"\" data-src=\"https:\/\/obombarda.com\/wp\/wp-content\/uploads\/2019\/10\/20kafila.jpg\" \/>\n\n\n\t<div class=\"ms-thumb\" ><div class=\"ms-tab-context\"><div class=\"&quot;ms-tab-context&quot;\"><\/div><\/div>\n<\/div>\n\t\t\t\t<\/div>\n\t\t\t\t<div  class=\"ms-slide\" data-delay=\"3\" data-fill-mode=\"fill\"  >\n\t\t\t\t\t<img decoding=\"async\" src=\"https:\/\/obombarda.com\/wp\/wp-content\/plugins\/master-slider\/public\/assets\/css\/blank.gif\" alt=\"Kafila by obombarda \/ https:\/\/www.obombarda.com\" title=\"\" data-src=\"https:\/\/obombarda.com\/wp\/wp-content\/uploads\/2019\/10\/19kafila.jpg\" \/>\n\n\n\t<div class=\"ms-thumb\" ><div class=\"ms-tab-context\"><div class=\"&quot;ms-tab-context&quot;\"><\/div><\/div>\n<\/div>\n\t\t\t\t<\/div>\n\t\t\t\t<div  class=\"ms-slide\" data-delay=\"3\" data-fill-mode=\"fill\"  >\n\t\t\t\t\t<img decoding=\"async\" src=\"https:\/\/obombarda.com\/wp\/wp-content\/plugins\/master-slider\/public\/assets\/css\/blank.gif\" alt=\"Kafila by obombarda \/ https:\/\/www.obombarda.com\" title=\"\" data-src=\"https:\/\/obombarda.com\/wp\/wp-content\/uploads\/2019\/10\/18kafila.jpg\" \/>\n\n\n\t<div class=\"ms-thumb\" ><div class=\"ms-tab-context\"><div class=\"&quot;ms-tab-context&quot;\"><\/div><\/div>\n<\/div>\n\t\t\t\t<\/div>\n\n\t\t\t<\/div>\n\t\t\t<!-- END MasterSlider Main -->\n\n\t\t\t \n\t\t<\/div>\n\t\t<!-- END MasterSlider -->\n\n\t\t<script>\n\t\t(function ( $ ) {\n\t\t\t\"use strict\";\n\n\t\t\t$(function () {\n\t\t\t\tvar masterslider_3709 = new MasterSlider();\n\n\t\t\t\t\/\/ slider controls\n\t\t\t\tmasterslider_3709.control('arrows'     ,{ autohide:true, overVideo:true  });\n\t\t\t\t\/\/ slider setup\n\t\t\t\tmasterslider_3709.setup(\"MS69f5adfff3709\", {\n\t\t\t\t\t\twidth           : 1012,\n\t\t\t\t\t\theight          : 648,\n\t\t\t\t\t\tminHeight       : 0,\n\t\t\t\t\t\tspace           : 0,\n\t\t\t\t\t\tstart           : 1,\n\t\t\t\t\t\tgrabCursor      : true,\n\t\t\t\t\t\tswipe           : true,\n\t\t\t\t\t\tmouse           : true,\n\t\t\t\t\t\tlayout          : \"fullwidth\",\n\t\t\t\t\t\twheel           : true,\n\t\t\t\t\t\tautoplay        : true,\n\t\t\t\t\t\tinstantStartLayers:false,\n\t\t\t\t\t\tloop            : true,\n\t\t\t\t\t\tshuffle         : false,\n\t\t\t\t\t\tpreload         : 0,\n\t\t\t\t\t\theightLimit     : true,\n\t\t\t\t\t\tautoHeight      : true,\n\t\t\t\t\t\tsmoothHeight    : true,\n\t\t\t\t\t\tendPause        : false,\n\t\t\t\t\t\toverPause       : true,\n\t\t\t\t\t\tfillMode        : \"fill\",\n\t\t\t\t\t\tcenterControls  : false,\n\t\t\t\t\t\tstartOnAppear   : false,\n\t\t\t\t\t\tlayersMode      : \"center\",\n\t\t\t\t\t\thideLayers      : false,\n\t\t\t\t\t\tfullscreenMargin: 0,\n\t\t\t\t\t\tspeed           : 10,\n\t\t\t\t\t\tdir             : \"h\",\n\t\t\t\t\t\tparallaxMode    : 'swipe',\n\t\t\t\t\t\tview            : \"basic\"\n\t\t\t\t});\n\n\t\t\t\t\n\t\t\t\twindow.masterslider_instances = window.masterslider_instances || [];\n\t\t\t\twindow.masterslider_instances.push( masterslider_3709 );\n\t\t\t });\n\n\t\t})(jQuery);\n\t\t<\/script>\n\n\n","protected":false},"excerpt":{"rendered":"","protected":false},"author":1,"featured_media":610,"parent":0,"menu_order":0,"comment_status":"closed","ping_status":"closed","template":"page-templates\/page_front-page.php","meta":{"footnotes":""},"class_list":["post-605","page","type-page","status-publish","has-post-thumbnail","hentry"],"yoast_head":"<!-- This site is optimized with the Yoast SEO plugin v26.0 - https:\/\/yoast.com\/wordpress\/plugins\/seo\/ -->\n<title>Dessins &amp; illustrations : Pictures gallery by OBombarda<\/title>\n<meta name=\"description\" content=\"KAFILA - LE TEMPS DES CHAMELIERS par Olivier Bombarda (OB) : un carnet de voyage illustr\u00e9 d&#039;une fabuleuse travers\u00e9e du d\u00e9sert CHEGAGA au sud du Maroc, organis\u00e9 par L&#039;Institut Fran\u00e7ais du Maroc et D\u00e9sert &amp; Montagne. R\u00e9seaux sociaux : https:\/\/www.facebook.com\/ob.cartoon\/ https:\/\/www.facebook.com\/olivierbombarda https:\/\/issuu.com\/obombarda\" \/>\n<meta name=\"robots\" content=\"index, follow, max-snippet:-1, max-image-preview:large, max-video-preview:-1\" \/>\n<link rel=\"canonical\" href=\"https:\/\/obombarda.com\/wp\/kafila-photogallery\/\" \/>\n<meta property=\"og:locale\" content=\"fr_FR\" \/>\n<meta property=\"og:type\" content=\"article\" \/>\n<meta property=\"og:title\" content=\"Dessins &amp; illustrations : Pictures gallery by OBombarda\" \/>\n<meta property=\"og:description\" content=\"KAFILA - LE TEMPS DES CHAMELIERS par Olivier Bombarda (OB) : un carnet de voyage illustr\u00e9 d&#039;une fabuleuse travers\u00e9e du d\u00e9sert CHEGAGA au sud du Maroc, organis\u00e9 par L&#039;Institut Fran\u00e7ais du Maroc et D\u00e9sert &amp; Montagne. R\u00e9seaux sociaux : https:\/\/www.facebook.com\/ob.cartoon\/ https:\/\/www.facebook.com\/olivierbombarda https:\/\/issuu.com\/obombarda\" \/>\n<meta property=\"og:url\" content=\"https:\/\/obombarda.com\/wp\/kafila-photogallery\/\" \/>\n<meta property=\"og:site_name\" content=\"obombarda.com\" \/>\n<meta property=\"article:publisher\" content=\"https:\/\/www.facebook.com\/olivierbombarda\" \/>\n<meta property=\"article:modified_time\" content=\"2020-04-15T09:46:04+00:00\" \/>\n<meta property=\"og:image\" content=\"https:\/\/obombarda.com\/wp\/wp-content\/uploads\/2020\/04\/kafila-obombarda.jpg\" \/>\n\t<meta property=\"og:image:width\" content=\"1000\" \/>\n\t<meta property=\"og:image:height\" content=\"443\" \/>\n\t<meta property=\"og:image:type\" content=\"image\/jpeg\" \/>\n<meta name=\"twitter:card\" content=\"summary_large_image\" \/>\n<meta name=\"twitter:image\" content=\"https:\/\/obombarda.com\/wp\/wp-content\/uploads\/2020\/04\/kafila-obombarda.jpg\" \/>\n<meta name=\"twitter:site\" content=\"@olivierbombarda\" \/>\n<script type=\"application\/ld+json\" class=\"yoast-schema-graph\">{\"@context\":\"https:\/\/schema.org\",\"@graph\":[{\"@type\":\"WebPage\",\"@id\":\"https:\/\/obombarda.com\/wp\/kafila-photogallery\/\",\"url\":\"https:\/\/obombarda.com\/wp\/kafila-photogallery\/\",\"name\":\"Dessins & illustrations : Pictures gallery by OBombarda\",\"isPartOf\":{\"@id\":\"https:\/\/obombarda.com\/wp\/#website\"},\"primaryImageOfPage\":{\"@id\":\"https:\/\/obombarda.com\/wp\/kafila-photogallery\/#primaryimage\"},\"image\":{\"@id\":\"https:\/\/obombarda.com\/wp\/kafila-photogallery\/#primaryimage\"},\"thumbnailUrl\":\"https:\/\/obombarda.com\/wp\/wp-content\/uploads\/2020\/04\/kafila-obombarda.jpg\",\"datePublished\":\"2020-04-15T09:39:27+00:00\",\"dateModified\":\"2020-04-15T09:46:04+00:00\",\"description\":\"KAFILA - LE TEMPS DES CHAMELIERS par Olivier Bombarda (OB) : un carnet de voyage illustr\u00e9 d'une fabuleuse travers\u00e9e du d\u00e9sert CHEGAGA au sud du Maroc, organis\u00e9 par L'Institut Fran\u00e7ais du Maroc et D\u00e9sert & Montagne. R\u00e9seaux sociaux : https:\/\/www.facebook.com\/ob.cartoon\/ https:\/\/www.facebook.com\/olivierbombarda https:\/\/issuu.com\/obombarda\",\"breadcrumb\":{\"@id\":\"https:\/\/obombarda.com\/wp\/kafila-photogallery\/#breadcrumb\"},\"inLanguage\":\"fr-FR\",\"potentialAction\":[{\"@type\":\"ReadAction\",\"target\":[\"https:\/\/obombarda.com\/wp\/kafila-photogallery\/\"]}]},{\"@type\":\"ImageObject\",\"inLanguage\":\"fr-FR\",\"@id\":\"https:\/\/obombarda.com\/wp\/kafila-photogallery\/#primaryimage\",\"url\":\"https:\/\/obombarda.com\/wp\/wp-content\/uploads\/2020\/04\/kafila-obombarda.jpg\",\"contentUrl\":\"https:\/\/obombarda.com\/wp\/wp-content\/uploads\/2020\/04\/kafila-obombarda.jpg\",\"width\":1000,\"height\":443,\"caption\":\"kafila by obombarda \/ https:\/\/www.obombarda.com\"},{\"@type\":\"BreadcrumbList\",\"@id\":\"https:\/\/obombarda.com\/wp\/kafila-photogallery\/#breadcrumb\",\"itemListElement\":[{\"@type\":\"ListItem\",\"position\":1,\"name\":\"Accueil\",\"item\":\"https:\/\/obombarda.com\/wp\/\"},{\"@type\":\"ListItem\",\"position\":2,\"name\":\"kafila photogallery\"}]},{\"@type\":\"WebSite\",\"@id\":\"https:\/\/obombarda.com\/wp\/#website\",\"url\":\"https:\/\/obombarda.com\/wp\/\",\"name\":\"obombarda.com\",\"description\":\"\",\"publisher\":{\"@id\":\"https:\/\/obombarda.com\/wp\/#\/schema\/person\/c4153b7aed973ca255f2486fec446405\"},\"potentialAction\":[{\"@type\":\"SearchAction\",\"target\":{\"@type\":\"EntryPoint\",\"urlTemplate\":\"https:\/\/obombarda.com\/wp\/?s={search_term_string}\"},\"query-input\":{\"@type\":\"PropertyValueSpecification\",\"valueRequired\":true,\"valueName\":\"search_term_string\"}}],\"inLanguage\":\"fr-FR\"},{\"@type\":[\"Person\",\"Organization\"],\"@id\":\"https:\/\/obombarda.com\/wp\/#\/schema\/person\/c4153b7aed973ca255f2486fec446405\",\"name\":\"obombarda\",\"image\":{\"@type\":\"ImageObject\",\"inLanguage\":\"fr-FR\",\"@id\":\"https:\/\/obombarda.com\/wp\/#\/schema\/person\/image\/\",\"url\":\"https:\/\/www.obombarda.com\/wp\/wp-content\/uploads\/2022\/06\/OBchannel_profile-blue-grey.jpg\",\"contentUrl\":\"https:\/\/www.obombarda.com\/wp\/wp-content\/uploads\/2022\/06\/OBchannel_profile-blue-grey.jpg\",\"width\":346,\"height\":340,\"caption\":\"obombarda\"},\"logo\":{\"@id\":\"https:\/\/obombarda.com\/wp\/#\/schema\/person\/image\/\"},\"sameAs\":[\"https:\/\/www.facebook.com\/olivierbombarda\",\"https:\/\/www.instagram.com\/obombarda\/\",\"https:\/\/www.linkedin.com\/in\/olivierbombarda\/\",\"https:\/\/www.pinterest.fr\/olivierbombarda\/_saved\/\",\"https:\/\/x.com\/https:\/\/twitter.com\/olivierbombarda\",\"https:\/\/myspace.com\/olivierbombarda\",\"https:\/\/www.youtube.com\/c\/Novocinema-video\",\"https:\/\/soundcloud.com\/obombarda\",\"https:\/\/www.tumblr.com\/blog\/view\/obombarda\"]}]}<\/script>\n<!-- \/ Yoast SEO plugin. -->","yoast_head_json":{"title":"Dessins & illustrations : Pictures gallery by OBombarda","description":"KAFILA - LE TEMPS DES CHAMELIERS par Olivier Bombarda (OB) : un carnet de voyage illustr\u00e9 d'une fabuleuse travers\u00e9e du d\u00e9sert CHEGAGA au sud du Maroc, organis\u00e9 par L'Institut Fran\u00e7ais du Maroc et D\u00e9sert & Montagne. R\u00e9seaux sociaux : https:\/\/www.facebook.com\/ob.cartoon\/ https:\/\/www.facebook.com\/olivierbombarda https:\/\/issuu.com\/obombarda","robots":{"index":"index","follow":"follow","max-snippet":"max-snippet:-1","max-image-preview":"max-image-preview:large","max-video-preview":"max-video-preview:-1"},"canonical":"https:\/\/obombarda.com\/wp\/kafila-photogallery\/","og_locale":"fr_FR","og_type":"article","og_title":"Dessins & illustrations : Pictures gallery by OBombarda","og_description":"KAFILA - LE TEMPS DES CHAMELIERS par Olivier Bombarda (OB) : un carnet de voyage illustr\u00e9 d'une fabuleuse travers\u00e9e du d\u00e9sert CHEGAGA au sud du Maroc, organis\u00e9 par L'Institut Fran\u00e7ais du Maroc et D\u00e9sert & Montagne. R\u00e9seaux sociaux : https:\/\/www.facebook.com\/ob.cartoon\/ https:\/\/www.facebook.com\/olivierbombarda https:\/\/issuu.com\/obombarda","og_url":"https:\/\/obombarda.com\/wp\/kafila-photogallery\/","og_site_name":"obombarda.com","article_publisher":"https:\/\/www.facebook.com\/olivierbombarda","article_modified_time":"2020-04-15T09:46:04+00:00","og_image":[{"width":1000,"height":443,"url":"https:\/\/obombarda.com\/wp\/wp-content\/uploads\/2020\/04\/kafila-obombarda.jpg","type":"image\/jpeg"}],"twitter_card":"summary_large_image","twitter_image":"https:\/\/obombarda.com\/wp\/wp-content\/uploads\/2020\/04\/kafila-obombarda.jpg","twitter_site":"@olivierbombarda","schema":{"@context":"https:\/\/schema.org","@graph":[{"@type":"WebPage","@id":"https:\/\/obombarda.com\/wp\/kafila-photogallery\/","url":"https:\/\/obombarda.com\/wp\/kafila-photogallery\/","name":"Dessins & illustrations : Pictures gallery by OBombarda","isPartOf":{"@id":"https:\/\/obombarda.com\/wp\/#website"},"primaryImageOfPage":{"@id":"https:\/\/obombarda.com\/wp\/kafila-photogallery\/#primaryimage"},"image":{"@id":"https:\/\/obombarda.com\/wp\/kafila-photogallery\/#primaryimage"},"thumbnailUrl":"https:\/\/obombarda.com\/wp\/wp-content\/uploads\/2020\/04\/kafila-obombarda.jpg","datePublished":"2020-04-15T09:39:27+00:00","dateModified":"2020-04-15T09:46:04+00:00","description":"KAFILA - LE TEMPS DES CHAMELIERS par Olivier Bombarda (OB) : un carnet de voyage illustr\u00e9 d'une fabuleuse travers\u00e9e du d\u00e9sert CHEGAGA au sud du Maroc, organis\u00e9 par L'Institut Fran\u00e7ais du Maroc et D\u00e9sert & Montagne. R\u00e9seaux sociaux : https:\/\/www.facebook.com\/ob.cartoon\/ https:\/\/www.facebook.com\/olivierbombarda https:\/\/issuu.com\/obombarda","breadcrumb":{"@id":"https:\/\/obombarda.com\/wp\/kafila-photogallery\/#breadcrumb"},"inLanguage":"fr-FR","potentialAction":[{"@type":"ReadAction","target":["https:\/\/obombarda.com\/wp\/kafila-photogallery\/"]}]},{"@type":"ImageObject","inLanguage":"fr-FR","@id":"https:\/\/obombarda.com\/wp\/kafila-photogallery\/#primaryimage","url":"https:\/\/obombarda.com\/wp\/wp-content\/uploads\/2020\/04\/kafila-obombarda.jpg","contentUrl":"https:\/\/obombarda.com\/wp\/wp-content\/uploads\/2020\/04\/kafila-obombarda.jpg","width":1000,"height":443,"caption":"kafila by obombarda \/ https:\/\/www.obombarda.com"},{"@type":"BreadcrumbList","@id":"https:\/\/obombarda.com\/wp\/kafila-photogallery\/#breadcrumb","itemListElement":[{"@type":"ListItem","position":1,"name":"Accueil","item":"https:\/\/obombarda.com\/wp\/"},{"@type":"ListItem","position":2,"name":"kafila photogallery"}]},{"@type":"WebSite","@id":"https:\/\/obombarda.com\/wp\/#website","url":"https:\/\/obombarda.com\/wp\/","name":"obombarda.com","description":"","publisher":{"@id":"https:\/\/obombarda.com\/wp\/#\/schema\/person\/c4153b7aed973ca255f2486fec446405"},"potentialAction":[{"@type":"SearchAction","target":{"@type":"EntryPoint","urlTemplate":"https:\/\/obombarda.com\/wp\/?s={search_term_string}"},"query-input":{"@type":"PropertyValueSpecification","valueRequired":true,"valueName":"search_term_string"}}],"inLanguage":"fr-FR"},{"@type":["Person","Organization"],"@id":"https:\/\/obombarda.com\/wp\/#\/schema\/person\/c4153b7aed973ca255f2486fec446405","name":"obombarda","image":{"@type":"ImageObject","inLanguage":"fr-FR","@id":"https:\/\/obombarda.com\/wp\/#\/schema\/person\/image\/","url":"https:\/\/www.obombarda.com\/wp\/wp-content\/uploads\/2022\/06\/OBchannel_profile-blue-grey.jpg","contentUrl":"https:\/\/www.obombarda.com\/wp\/wp-content\/uploads\/2022\/06\/OBchannel_profile-blue-grey.jpg","width":346,"height":340,"caption":"obombarda"},"logo":{"@id":"https:\/\/obombarda.com\/wp\/#\/schema\/person\/image\/"},"sameAs":["https:\/\/www.facebook.com\/olivierbombarda","https:\/\/www.instagram.com\/obombarda\/","https:\/\/www.linkedin.com\/in\/olivierbombarda\/","https:\/\/www.pinterest.fr\/olivierbombarda\/_saved\/","https:\/\/x.com\/https:\/\/twitter.com\/olivierbombarda","https:\/\/myspace.com\/olivierbombarda","https:\/\/www.youtube.com\/c\/Novocinema-video","https:\/\/soundcloud.com\/obombarda","https:\/\/www.tumblr.com\/blog\/view\/obombarda"]}]}},"_links":{"self":[{"href":"https:\/\/obombarda.com\/wp\/wp-json\/wp\/v2\/pages\/605","targetHints":{"allow":["GET"]}}],"collection":[{"href":"https:\/\/obombarda.com\/wp\/wp-json\/wp\/v2\/pages"}],"about":[{"href":"https:\/\/obombarda.com\/wp\/wp-json\/wp\/v2\/types\/page"}],"author":[{"embeddable":true,"href":"https:\/\/obombarda.com\/wp\/wp-json\/wp\/v2\/users\/1"}],"replies":[{"embeddable":true,"href":"https:\/\/obombarda.com\/wp\/wp-json\/wp\/v2\/comments?post=605"}],"version-history":[{"count":2,"href":"https:\/\/obombarda.com\/wp\/wp-json\/wp\/v2\/pages\/605\/revisions"}],"predecessor-version":[{"id":608,"href":"https:\/\/obombarda.com\/wp\/wp-json\/wp\/v2\/pages\/605\/revisions\/608"}],"wp:featuredmedia":[{"embeddable":true,"href":"https:\/\/obombarda.com\/wp\/wp-json\/wp\/v2\/media\/610"}],"wp:attachment":[{"href":"https:\/\/obombarda.com\/wp\/wp-json\/wp\/v2\/media?parent=605"}],"curies":[{"name":"wp","href":"https:\/\/api.w.org\/{rel}","templated":true}]}}